{"id":1174,"date":"2024-10-11T12:06:23","date_gmt":"2024-10-11T12:06:23","guid":{"rendered":"https:\/\/twinnturbo.com.tr\/?page_id=1174"},"modified":"2024-10-11T12:06:25","modified_gmt":"2024-10-11T12:06:25","slug":"ankara-2-el-turbo","status":"publish","type":"page","link":"https:\/\/twinnturbo.com.tr\/index.php\/ankara-2-el-turbo\/","title":{"rendered":"Ankara 2. El Turbo"},"content":{"rendered":"<p>Arac\u0131n ar\u0131zas\u0131n\u0131n\u00a0<strong>turbo<\/strong>\u00a0kaynakl\u0131 oldu\u011fu tespit edildikten sonra s\u00f6kme i\u015flemi ba\u015flar.\u00a0<strong>Turbo<\/strong>\u00a0s\u00f6k\u00fclerek par\u00e7alar\u0131na ayr\u0131l\u0131r. Bu par\u00e7alar aras\u0131nda kullan\u0131labilir durumda olanlar \u00e7e\u015fitli temizlenme a\u015famalar\u0131ndan sonra yeniden tak\u0131lacakt\u0131r. Ultrasonic, kumlama ve kimyasal temizlik a\u015famalar\u0131ndan sonra yeniden montaj\u00a0<strong>yap\u0131l\u0131r<\/strong>.<\/p><p>Ankara Turbo Tamiri<br>2 Ankara Turbo Bak\u0131m\u0131<br>Ankara Turbo Tamirci<br>Ankara Turbo Revizyonu<br>Ankara Turbo Onar\u0131m\u0131<br>Ankara Turbo Bak\u0131m<br>Ankara \u00c7\u0131kma Turbo<br>Ankara 2. El Turbo<\/p><p>Ankara Twinn Turbo?<br>Ankara Twinn Turbo Firmas\u0131 olarak y\u0131llar\u0131n vermi\u015f oldu\u011fu bilgi ve tecr\u00fcbe ile ara\u00e7lar\u0131n\u0131zda bulunan her t\u00fcrl\u00fc turbo tamiri, servisi bak\u0131m\u0131n\u0131 yapmaktay\u0131z.<\/p><p>\u0130\u015finde uzman olan ekimiz ile turbo performans sorunlar\u0131 gidererek ve turbolar\u0131n\u0131z\u0131n daha uzun s\u00fcreli kullanman\u0131z\u0131 sa\u011flamak i\u00e7in Lider Turbo olarak y\u0131llard\u0131r sekt\u00f6rde yerini alm\u0131\u015f ve emin ad\u0131mlarla ilerlemektedir.<\/p><p>Ankara Twinn Turbo olarak hizmletlerimiz;<\/p><ul class=\"wp-block-list\"><li>Turbo Servisi<\/li>\n\n<li>Turbo Bak\u0131m\u0131<\/li>\n\n<li>Turbo Revizyonu<\/li><\/ul><p>Hizmetler ve \u00f6zelliklerimiz<br>Ankara G\u00fc\u00e7l\u00fc Turbo Hizmetleri<br>Ankara Turbo Tamiri<br>Her t\u00fcrl\u00fc marka ve model ara\u00e7lar\u0131n\u0131z\u0131n turbo tamirini yapmaktay\u0131z. Kalite ve g\u00fcven hat safhada olup m\u00fc\u015fteri memmuniyeti \u00f6n plandad\u0131r.<br>Hava Ka\u00e7ak Testi<br>K\u00fc\u00e7\u00fck bir delikten s\u0131zan havan\u0131n ba\u015f\u0131n\u0131za neler a\u00e7abilece\u011fi konusunda endi\u015feniz var ise ve bu konuda uzman ekiplerimize dan\u0131\u015fmaktan.<br>Turbo Hibrit<br>Elektrik destekli turbolar\u0131n\u0131z kaliteli teknik yeterlili\u011fe sahip personellerimiz taraf\u0131ndan onar\u0131m\u0131, yenilemesi ve temizli\u011fi yap\u0131lmaktad\u0131r.<br>Ankara Turbo Sat\u0131\u015f<br>garantili ve g\u00fc\u00e7l\u00fc turbo g\u00fcvencesi ile s\u0131f\u0131r ve ikinci el turbo sat\u0131\u015flar\u0131m\u0131z t\u00fcm h\u0131z\u0131yla devam etmektedir.<br>Ankara Turbo Ar\u0131za Tespiti<br>Her t\u00fcrl\u00fc ara\u00e7 modeli turbo ar\u0131za tespiti taraf\u0131m\u0131zca yetkin personellerimiz arac\u0131l\u0131\u011f\u0131 ile yap\u0131lmaktad\u0131r. G\u00fcven Kalite ve garantili hizmet anlay\u0131\u015f\u0131m\u0131z.<br>Partik\u00fcl ve Egr Temizli\u011fi<br>Partik\u00fcl ve Egr temizli\u011fi taraf\u0131m\u0131zca yap\u0131lmaktad\u0131r. Siz de\u011ferli m\u00fc\u015fterilerimize sundu\u011fumuz kaliteli.<br>Turbolar\u0131m\u0131z<\/p>","protected":false},"excerpt":{"rendered":"<p>Arac\u0131n ar\u0131zas\u0131n\u0131n\u00a0turbo\u00a0kaynakl\u0131 oldu\u011fu tespit edildikten sonra s\u00f6kme i\u015flemi ba\u015flar.\u00a0Turbo\u00a0s\u00f6k\u00fclerek par\u00e7alar\u0131na ayr\u0131l\u0131r. Bu par\u00e7alar aras\u0131nda kullan\u0131labilir durumda olanlar \u00e7e\u015fitli temizlenme a\u015famalar\u0131ndan<\/p>\n","protected":false},"author":1,"featured_media":0,"parent":0,"menu_order":0,"comment_status":"closed","ping_status":"closed","template":"","meta":{"footnotes":""},"class_list":["post-1174","page","type-page","status-publish","hentry"],"_links":{"self":[{"href":"https:\/\/twinnturbo.com.tr\/index.php\/wp-json\/wp\/v2\/pages\/1174","targetHints":{"allow":["GET"]}}],"collection":[{"href":"https:\/\/twinnturbo.com.tr\/index.php\/wp-json\/wp\/v2\/pages"}],"about":[{"href":"https:\/\/twinnturbo.com.tr\/index.php\/wp-json\/wp\/v2\/types\/page"}],"author":[{"embeddable":true,"href":"https:\/\/twinnturbo.com.tr\/index.php\/wp-json\/wp\/v2\/users\/1"}],"replies":[{"embeddable":true,"href":"https:\/\/twinnturbo.com.tr\/index.php\/wp-json\/wp\/v2\/comments?post=1174"}],"version-history":[{"count":1,"href":"https:\/\/twinnturbo.com.tr\/index.php\/wp-json\/wp\/v2\/pages\/1174\/revisions"}],"predecessor-version":[{"id":1175,"href":"https:\/\/twinnturbo.com.tr\/index.php\/wp-json\/wp\/v2\/pages\/1174\/revisions\/1175"}],"wp:attachment":[{"href":"https:\/\/twinnturbo.com.tr\/index.php\/wp-json\/wp\/v2\/media?parent=1174"}],"curies":[{"name":"wp","href":"https:\/\/api.w.org\/{rel}","templated":true}]}}