{"id":1172,"date":"2024-10-11T12:04:48","date_gmt":"2024-10-11T12:04:48","guid":{"rendered":"https:\/\/twinnturbo.com.tr\/?page_id=1172"},"modified":"2024-10-11T12:04:53","modified_gmt":"2024-10-11T12:04:53","slug":"ankara-cikma-turbo","status":"publish","type":"page","link":"https:\/\/twinnturbo.com.tr\/index.php\/ankara-cikma-turbo\/","title":{"rendered":"Ankara \u00c7\u0131kma Turbo"},"content":{"rendered":"<p><strong>Firmam\u0131z m\u00fc\u015fterileri ile kar\u015f\u0131l\u0131kl\u0131 g\u00fcven do\u011frultusunda bu g\u00fcnlere gelmi\u015f, dostluk ve ho\u015fg\u00f6r\u00fc \u00e7er\u00e7evesinde kalite konusunda taviz vermeden yoluna devam etmeye kararl\u0131d\u0131r. Portf\u00f6y\u00fcm\u00fczde bulunan m\u00fc\u015fterilerimizle sa\u011flad\u0131\u011f\u0131m\u0131z bire bir yak\u0131n dostluklar bizi di\u011fer firmalardan ay\u0131ran en \u00f6nemli \u00f6zelli\u011fimizdir. \u0130lkesi ;kaliteli hizmet ve m\u00fc\u015fteri memnuniyeti olan firmam\u0131z\u0131 araman\u0131z bize yeni dostluklar kazand\u0131racakt\u0131r. Bir\u00e7ok markay\u0131 ve \u00fcr\u00fcn\u00fc b\u00fcnyesinde bulunduran firmam\u0131z ile \u00e7al\u0131\u015fma ayr\u0131cal\u0131\u011f\u0131n\u0131 sizlerinde ya\u015famas\u0131 bize b\u00fcy\u00fck mutluluk ya\u015fatacak ve hizmet anlay\u0131\u015f\u0131m\u0131zda yeni ufuklar a\u00e7acak<\/strong><\/p><p>Ankara Turbo Tamiri<br>2 Ankara Turbo Bak\u0131m\u0131<br>Ankara Turbo Tamirci<br>Ankara Turbo Revizyonu<br>Ankara Turbo Onar\u0131m\u0131<br>Ankara Turbo Bak\u0131m<br>Ankara \u00c7\u0131kma Turbo<br>Ankara 2. El Turbo<\/p>","protected":false},"excerpt":{"rendered":"<p>Firmam\u0131z m\u00fc\u015fterileri ile kar\u015f\u0131l\u0131kl\u0131 g\u00fcven do\u011frultusunda bu g\u00fcnlere gelmi\u015f, dostluk ve ho\u015fg\u00f6r\u00fc \u00e7er\u00e7evesinde kalite konusunda taviz vermeden yoluna devam etmeye<\/p>\n","protected":false},"author":1,"featured_media":0,"parent":0,"menu_order":0,"comment_status":"closed","ping_status":"closed","template":"","meta":{"footnotes":""},"class_list":["post-1172","page","type-page","status-publish","hentry"],"_links":{"self":[{"href":"https:\/\/twinnturbo.com.tr\/index.php\/wp-json\/wp\/v2\/pages\/1172","targetHints":{"allow":["GET"]}}],"collection":[{"href":"https:\/\/twinnturbo.com.tr\/index.php\/wp-json\/wp\/v2\/pages"}],"about":[{"href":"https:\/\/twinnturbo.com.tr\/index.php\/wp-json\/wp\/v2\/types\/page"}],"author":[{"embeddable":true,"href":"https:\/\/twinnturbo.com.tr\/index.php\/wp-json\/wp\/v2\/users\/1"}],"replies":[{"embeddable":true,"href":"https:\/\/twinnturbo.com.tr\/index.php\/wp-json\/wp\/v2\/comments?post=1172"}],"version-history":[{"count":1,"href":"https:\/\/twinnturbo.com.tr\/index.php\/wp-json\/wp\/v2\/pages\/1172\/revisions"}],"predecessor-version":[{"id":1173,"href":"https:\/\/twinnturbo.com.tr\/index.php\/wp-json\/wp\/v2\/pages\/1172\/revisions\/1173"}],"wp:attachment":[{"href":"https:\/\/twinnturbo.com.tr\/index.php\/wp-json\/wp\/v2\/media?parent=1172"}],"curies":[{"name":"wp","href":"https:\/\/api.w.org\/{rel}","templated":true}]}}