{"id":1170,"date":"2024-10-11T12:01:41","date_gmt":"2024-10-11T12:01:41","guid":{"rendered":"https:\/\/twinnturbo.com.tr\/?page_id=1170"},"modified":"2024-10-11T12:01:44","modified_gmt":"2024-10-11T12:01:44","slug":"ankara-turbo-bakim","status":"publish","type":"page","link":"https:\/\/twinnturbo.com.tr\/index.php\/ankara-turbo-bakim\/","title":{"rendered":"Ankara Turbo Bak\u0131m"},"content":{"rendered":"<p>Turbo Tamiri bir \u00e7ok otomobilde kullan\u0131lan g\u00fc\u00e7 ve h\u0131za etkili olmas\u0131 i\u00e7in teknolojiden faydalan\u0131larak geli\u015ftirilmi\u015f motordur. Turbo motorlar \u00fcst\u00fcn performans sergiler. Turbo motorlar k\u0131sa s\u00fcrede ara\u00e7lar\u0131 maksimum h\u0131zlara \u00e7\u0131kartabilirler.Turbo ara\u00e7lar\u0131n y\u00fcksek performans\u0131 arac\u0131n \u00e7e\u015fitli aksamlar\u0131n da sorunlara neden olur.Zamanla do\u011fan bu problemler turbo motorlar\u0131n ar\u0131za ya\u015famalar\u0131na,performans kay\u0131plar\u0131na sebep olmaktad\u0131r.Turbo ara\u00e7lar da motor ar\u0131zalar\u0131n\u0131n da ger\u00e7ekle\u015fme nedeni zamanla bak\u0131m\u0131 yap\u0131lmayan ara\u00e7lar\u0131n yada fazla kullan\u0131m nedeniyle ortaya \u00e7\u0131kan sorunlar\u0131n giderilememesidir. Tamir ihtiya\u00e7 haline gelir.<\/p>","protected":false},"excerpt":{"rendered":"<p>Turbo Tamiri bir \u00e7ok otomobilde kullan\u0131lan g\u00fc\u00e7 ve h\u0131za etkili olmas\u0131 i\u00e7in teknolojiden faydalan\u0131larak geli\u015ftirilmi\u015f motordur. Turbo motorlar \u00fcst\u00fcn performans<\/p>\n","protected":false},"author":1,"featured_media":0,"parent":0,"menu_order":0,"comment_status":"closed","ping_status":"closed","template":"","meta":{"footnotes":""},"class_list":["post-1170","page","type-page","status-publish","hentry"],"_links":{"self":[{"href":"https:\/\/twinnturbo.com.tr\/index.php\/wp-json\/wp\/v2\/pages\/1170","targetHints":{"allow":["GET"]}}],"collection":[{"href":"https:\/\/twinnturbo.com.tr\/index.php\/wp-json\/wp\/v2\/pages"}],"about":[{"href":"https:\/\/twinnturbo.com.tr\/index.php\/wp-json\/wp\/v2\/types\/page"}],"author":[{"embeddable":true,"href":"https:\/\/twinnturbo.com.tr\/index.php\/wp-json\/wp\/v2\/users\/1"}],"replies":[{"embeddable":true,"href":"https:\/\/twinnturbo.com.tr\/index.php\/wp-json\/wp\/v2\/comments?post=1170"}],"version-history":[{"count":1,"href":"https:\/\/twinnturbo.com.tr\/index.php\/wp-json\/wp\/v2\/pages\/1170\/revisions"}],"predecessor-version":[{"id":1171,"href":"https:\/\/twinnturbo.com.tr\/index.php\/wp-json\/wp\/v2\/pages\/1170\/revisions\/1171"}],"wp:attachment":[{"href":"https:\/\/twinnturbo.com.tr\/index.php\/wp-json\/wp\/v2\/media?parent=1170"}],"curies":[{"name":"wp","href":"https:\/\/api.w.org\/{rel}","templated":true}]}}