{"id":1167,"date":"2024-10-11T12:00:35","date_gmt":"2024-10-11T12:00:35","guid":{"rendered":"https:\/\/twinnturbo.com.tr\/?page_id=1167"},"modified":"2024-10-11T12:00:38","modified_gmt":"2024-10-11T12:00:38","slug":"ankara-turbo-onarimi","status":"publish","type":"page","link":"https:\/\/twinnturbo.com.tr\/index.php\/ankara-turbo-onarimi\/","title":{"rendered":"Ankara Turbo Onar\u0131m\u0131"},"content":{"rendered":"<h4 class=\"wp-block-heading\">Turbo Tamiri<\/h4><figure class=\"wp-block-image\"><img decoding=\"async\" src=\"https:\/\/www.ankaraturbotamiri.com\/assets\/images\/turbo-tamiri.jpg\" alt=\"\"\/><\/figure><p>Turbo sisteminde mevcut olan mekanik bir ar\u0131za ile bas\u0131n\u00e7 valfleri etkilenir ve bozulma meydana gelir. Bu gibi durumlar da bas\u0131n\u00e7 valflerini de\u011fi\u015ftirmek soruna kal\u0131c\u0131 bir \u00e7\u00f6z\u00fcm olmamaktad\u0131r. \u00c7\u00fcnk\u00fc ara\u00e7 ge\u00e7ici bir s\u00fcre eski durumuna gelse bile zaman i\u00e7erisinde valflerin tekrar bozulma ihtimali vard\u0131r.<br>\u0130kinci bir valf bozulmas\u0131 ile daha b\u00fcy\u00fck ar\u0131zalara g\u00fcn do\u011fmaktad\u0131r. \u0130lk ar\u0131za olu\u015ftu\u011funda ar\u0131za kayna\u011f\u0131n\u0131 belirleyip sorunu temelli \u00e7\u00f6zmek en mant\u0131kl\u0131 se\u00e7im olacakt\u0131r.<\/p>","protected":false},"excerpt":{"rendered":"<p>Turbo Tamiri Turbo sisteminde mevcut olan mekanik bir ar\u0131za ile bas\u0131n\u00e7 valfleri etkilenir ve bozulma meydana gelir. Bu gibi durumlar<\/p>\n","protected":false},"author":1,"featured_media":0,"parent":0,"menu_order":0,"comment_status":"closed","ping_status":"closed","template":"","meta":{"footnotes":""},"class_list":["post-1167","page","type-page","status-publish","hentry"],"_links":{"self":[{"href":"https:\/\/twinnturbo.com.tr\/index.php\/wp-json\/wp\/v2\/pages\/1167","targetHints":{"allow":["GET"]}}],"collection":[{"href":"https:\/\/twinnturbo.com.tr\/index.php\/wp-json\/wp\/v2\/pages"}],"about":[{"href":"https:\/\/twinnturbo.com.tr\/index.php\/wp-json\/wp\/v2\/types\/page"}],"author":[{"embeddable":true,"href":"https:\/\/twinnturbo.com.tr\/index.php\/wp-json\/wp\/v2\/users\/1"}],"replies":[{"embeddable":true,"href":"https:\/\/twinnturbo.com.tr\/index.php\/wp-json\/wp\/v2\/comments?post=1167"}],"version-history":[{"count":1,"href":"https:\/\/twinnturbo.com.tr\/index.php\/wp-json\/wp\/v2\/pages\/1167\/revisions"}],"predecessor-version":[{"id":1168,"href":"https:\/\/twinnturbo.com.tr\/index.php\/wp-json\/wp\/v2\/pages\/1167\/revisions\/1168"}],"wp:attachment":[{"href":"https:\/\/twinnturbo.com.tr\/index.php\/wp-json\/wp\/v2\/media?parent=1167"}],"curies":[{"name":"wp","href":"https:\/\/api.w.org\/{rel}","templated":true}]}}