{"id":1165,"date":"2024-10-11T11:59:29","date_gmt":"2024-10-11T11:59:29","guid":{"rendered":"https:\/\/twinnturbo.com.tr\/?page_id=1165"},"modified":"2024-10-11T11:59:31","modified_gmt":"2024-10-11T11:59:31","slug":"ankara-turbo-revizyonu","status":"publish","type":"page","link":"https:\/\/twinnturbo.com.tr\/index.php\/ankara-turbo-revizyonu\/","title":{"rendered":"Ankara Turbo Revizyonu"},"content":{"rendered":"<p>Son d\u00f6nem otomobillerin performans\u0131n\u0131 k\u00f6kten de\u011fi\u015ftiren turbonun ne oldu\u011funu k\u0131saca \u00f6zetleyelim. Turbo, a\u015f\u0131r\u0131 besleme demektir. Otomobil motorlar\u0131n\u0131n \u00e7al\u0131\u015fma prensibi olan havan\u0131n emilerek pistonlara g\u00f6nderilmesi i\u015flemini \u00fcst seviyeye ta\u015f\u0131r. Teorik anlamda bir s\u0131cak hava pompas\u0131 i\u015flevi g\u00f6ren turbo, atmosferik emi\u015fli motorlardan farkl\u0131 olarak normalin \u00fcst\u00fcnde hava emerek silindirlere yollar. Bu sayede daha y\u00fcksek hava ve bas\u0131n\u00e7la motor daha verimli g\u00fc\u00e7 \u00fcretir.<\/p>","protected":false},"excerpt":{"rendered":"<p>Son d\u00f6nem otomobillerin performans\u0131n\u0131 k\u00f6kten de\u011fi\u015ftiren turbonun ne oldu\u011funu k\u0131saca \u00f6zetleyelim. Turbo, a\u015f\u0131r\u0131 besleme demektir. Otomobil motorlar\u0131n\u0131n \u00e7al\u0131\u015fma prensibi olan<\/p>\n","protected":false},"author":1,"featured_media":0,"parent":0,"menu_order":0,"comment_status":"closed","ping_status":"closed","template":"","meta":{"footnotes":""},"class_list":["post-1165","page","type-page","status-publish","hentry"],"_links":{"self":[{"href":"https:\/\/twinnturbo.com.tr\/index.php\/wp-json\/wp\/v2\/pages\/1165","targetHints":{"allow":["GET"]}}],"collection":[{"href":"https:\/\/twinnturbo.com.tr\/index.php\/wp-json\/wp\/v2\/pages"}],"about":[{"href":"https:\/\/twinnturbo.com.tr\/index.php\/wp-json\/wp\/v2\/types\/page"}],"author":[{"embeddable":true,"href":"https:\/\/twinnturbo.com.tr\/index.php\/wp-json\/wp\/v2\/users\/1"}],"replies":[{"embeddable":true,"href":"https:\/\/twinnturbo.com.tr\/index.php\/wp-json\/wp\/v2\/comments?post=1165"}],"version-history":[{"count":1,"href":"https:\/\/twinnturbo.com.tr\/index.php\/wp-json\/wp\/v2\/pages\/1165\/revisions"}],"predecessor-version":[{"id":1166,"href":"https:\/\/twinnturbo.com.tr\/index.php\/wp-json\/wp\/v2\/pages\/1165\/revisions\/1166"}],"wp:attachment":[{"href":"https:\/\/twinnturbo.com.tr\/index.php\/wp-json\/wp\/v2\/media?parent=1165"}],"curies":[{"name":"wp","href":"https:\/\/api.w.org\/{rel}","templated":true}]}}