{"id":1163,"date":"2024-10-11T11:54:41","date_gmt":"2024-10-11T11:54:41","guid":{"rendered":"https:\/\/twinnturbo.com.tr\/?page_id=1163"},"modified":"2024-10-11T11:54:43","modified_gmt":"2024-10-11T11:54:43","slug":"ankara-turbo-tamirci","status":"publish","type":"page","link":"https:\/\/twinnturbo.com.tr\/index.php\/ankara-turbo-tamirci\/","title":{"rendered":"Ankara Turbo Tamirci"},"content":{"rendered":"<p><a href=\"https:\/\/www.ankaraturbotamiri.com\/hizmetlerimiz.html\"><\/a><\/p><p><a href=\"https:\/\/www.ankaraturbotamiri.com\/hizmetlerimiz.html\"><\/a><\/p><h4 class=\"wp-block-heading\">Turbo Servisi<\/h4><p>Turbo Tamiri bir \u00e7ok otomobilde kullan\u0131lan g\u00fc\u00e7 ve h\u0131za etkili olmas\u0131 i\u00e7in teknolojiden faydalan\u0131larak geli\u015ftirilmi\u015f motordur&#8230;<\/p><p><a href=\"https:\/\/www.ankaraturbotamiri.com\/hizmetlerimiz.html\"><\/a><\/p><p><a href=\"https:\/\/www.ankaraturbotamiri.com\/hizmetlerimiz.html\"><\/a><\/p><h4 class=\"wp-block-heading\">Turbo Tamiri<\/h4><p>Turbo sisteminde mevcut olan mekanik bir ar\u0131za ile bas\u0131n\u00e7 valfleri etkilenir ve bozulma meydana gelir. Bu gibi durumlar da bas\u0131n\u00e7&#8230;<\/p><p><a href=\"https:\/\/www.ankaraturbotamiri.com\/hizmetlerimiz.html\"><\/a><\/p><p><a href=\"https:\/\/www.ankaraturbotamiri.com\/hizmetlerimiz.html\"><\/a><\/p><h4 class=\"wp-block-heading\">Turbo Revizyonu<\/h4><p>Son d\u00f6nem otomobillerin performans\u0131n\u0131 k\u00f6kten de\u011fi\u015ftiren turbonun ne oldu\u011funu k\u0131saca \u00f6zetleyelim. Turbo, a\u015f\u0131r\u0131 besleme demektir&#8230;<\/p><h2 class=\"wp-block-heading\"><\/h2><p><\/p>","protected":false},"excerpt":{"rendered":"<p>Turbo Servisi Turbo Tamiri bir \u00e7ok otomobilde kullan\u0131lan g\u00fc\u00e7 ve h\u0131za etkili olmas\u0131 i\u00e7in teknolojiden faydalan\u0131larak geli\u015ftirilmi\u015f motordur&#8230; Turbo Tamiri<\/p>\n","protected":false},"author":1,"featured_media":0,"parent":0,"menu_order":0,"comment_status":"closed","ping_status":"closed","template":"","meta":{"footnotes":""},"class_list":["post-1163","page","type-page","status-publish","hentry"],"_links":{"self":[{"href":"https:\/\/twinnturbo.com.tr\/index.php\/wp-json\/wp\/v2\/pages\/1163","targetHints":{"allow":["GET"]}}],"collection":[{"href":"https:\/\/twinnturbo.com.tr\/index.php\/wp-json\/wp\/v2\/pages"}],"about":[{"href":"https:\/\/twinnturbo.com.tr\/index.php\/wp-json\/wp\/v2\/types\/page"}],"author":[{"embeddable":true,"href":"https:\/\/twinnturbo.com.tr\/index.php\/wp-json\/wp\/v2\/users\/1"}],"replies":[{"embeddable":true,"href":"https:\/\/twinnturbo.com.tr\/index.php\/wp-json\/wp\/v2\/comments?post=1163"}],"version-history":[{"count":1,"href":"https:\/\/twinnturbo.com.tr\/index.php\/wp-json\/wp\/v2\/pages\/1163\/revisions"}],"predecessor-version":[{"id":1164,"href":"https:\/\/twinnturbo.com.tr\/index.php\/wp-json\/wp\/v2\/pages\/1163\/revisions\/1164"}],"wp:attachment":[{"href":"https:\/\/twinnturbo.com.tr\/index.php\/wp-json\/wp\/v2\/media?parent=1163"}],"curies":[{"name":"wp","href":"https:\/\/api.w.org\/{rel}","templated":true}]}}