{"id":1161,"date":"2024-10-11T11:45:20","date_gmt":"2024-10-11T11:45:20","guid":{"rendered":"https:\/\/twinnturbo.com.tr\/?page_id=1161"},"modified":"2024-10-11T11:45:24","modified_gmt":"2024-10-11T11:45:24","slug":"ankara-turbo-bakimi","status":"publish","type":"page","link":"https:\/\/twinnturbo.com.tr\/index.php\/ankara-turbo-bakimi\/","title":{"rendered":"Ankara Turbo Bak\u0131m\u0131"},"content":{"rendered":"<p>Hizmetler ve \u00f6zelliklerimiz<br>Ankara G\u00fc\u00e7l\u00fc Turbo Hizmetleri<br>Ankara Turbo Tamiri<br>Her t\u00fcrl\u00fc marka ve model ara\u00e7lar\u0131n\u0131z\u0131n turbo tamirini yapmaktay\u0131z. Kalite ve g\u00fcven hat safhada olup m\u00fc\u015fteri memmuniyeti \u00f6n plandad\u0131r.<br>Hava Ka\u00e7ak Testi<br>K\u00fc\u00e7\u00fck bir delikten s\u0131zan havan\u0131n ba\u015f\u0131n\u0131za neler a\u00e7abilece\u011fi konusunda endi\u015feniz var ise ve bu konuda uzman ekiplerimize dan\u0131\u015fmaktan.<br>Turbo Hibrit<br>Elektrik destekli turbolar\u0131n\u0131z kaliteli teknik yeterlili\u011fe sahip personellerimiz taraf\u0131ndan onar\u0131m\u0131, yenilemesi ve temizli\u011fi yap\u0131lmaktad\u0131r.<br>Ankara Turbo Sat\u0131\u015f<br>garantili ve g\u00fc\u00e7l\u00fc turbo g\u00fcvencesi ile s\u0131f\u0131r ve ikinci el turbo sat\u0131\u015flar\u0131m\u0131z t\u00fcm h\u0131z\u0131yla devam etmektedir.<br>Ankara Turbo Ar\u0131za Tespiti<br>Her t\u00fcrl\u00fc ara\u00e7 modeli turbo ar\u0131za tespiti taraf\u0131m\u0131zca yetkin personellerimiz arac\u0131l\u0131\u011f\u0131 ile yap\u0131lmaktad\u0131r. G\u00fcven Kalite ve garantili hizmet anlay\u0131\u015f\u0131m\u0131z.<br>Partik\u00fcl ve Egr Temizli\u011fi<br>Partik\u00fcl ve Egr temizli\u011fi taraf\u0131m\u0131zca yap\u0131lmaktad\u0131r. Siz de\u011ferli m\u00fc\u015fterilerimize sundu\u011fumuz kaliteli.<br>Turbolar\u0131m\u0131z<\/p>","protected":false},"excerpt":{"rendered":"<p>Hizmetler ve \u00f6zelliklerimizAnkara G\u00fc\u00e7l\u00fc Turbo HizmetleriAnkara Turbo TamiriHer t\u00fcrl\u00fc marka ve model ara\u00e7lar\u0131n\u0131z\u0131n turbo tamirini yapmaktay\u0131z. Kalite ve g\u00fcven hat<\/p>\n","protected":false},"author":1,"featured_media":0,"parent":0,"menu_order":0,"comment_status":"closed","ping_status":"closed","template":"","meta":{"footnotes":""},"class_list":["post-1161","page","type-page","status-publish","hentry"],"_links":{"self":[{"href":"https:\/\/twinnturbo.com.tr\/index.php\/wp-json\/wp\/v2\/pages\/1161","targetHints":{"allow":["GET"]}}],"collection":[{"href":"https:\/\/twinnturbo.com.tr\/index.php\/wp-json\/wp\/v2\/pages"}],"about":[{"href":"https:\/\/twinnturbo.com.tr\/index.php\/wp-json\/wp\/v2\/types\/page"}],"author":[{"embeddable":true,"href":"https:\/\/twinnturbo.com.tr\/index.php\/wp-json\/wp\/v2\/users\/1"}],"replies":[{"embeddable":true,"href":"https:\/\/twinnturbo.com.tr\/index.php\/wp-json\/wp\/v2\/comments?post=1161"}],"version-history":[{"count":1,"href":"https:\/\/twinnturbo.com.tr\/index.php\/wp-json\/wp\/v2\/pages\/1161\/revisions"}],"predecessor-version":[{"id":1162,"href":"https:\/\/twinnturbo.com.tr\/index.php\/wp-json\/wp\/v2\/pages\/1161\/revisions\/1162"}],"wp:attachment":[{"href":"https:\/\/twinnturbo.com.tr\/index.php\/wp-json\/wp\/v2\/media?parent=1161"}],"curies":[{"name":"wp","href":"https:\/\/api.w.org\/{rel}","templated":true}]}}