{"id":1159,"date":"2024-10-11T11:43:00","date_gmt":"2024-10-11T11:43:00","guid":{"rendered":"https:\/\/twinnturbo.com.tr\/?page_id=1159"},"modified":"2024-10-11T11:43:03","modified_gmt":"2024-10-11T11:43:03","slug":"ankara-turbo-tamiri","status":"publish","type":"page","link":"https:\/\/twinnturbo.com.tr\/index.php\/ankara-turbo-tamiri\/","title":{"rendered":"Ankara Turbo Tamiri"},"content":{"rendered":"<p>Turbo teknolojisinin kullan\u0131m\u0131 y\u00fcksek performans sa\u011fl\u0131yor.<\/p><p>Turbo ar\u0131zalar\u0131n\u0131n %90 oran\u0131nda turbo tamiri tercih edilmektedir. Turbo tamirinde, d\u00fczen tutar, i\u015f g\u00f6r\u00fcr, orijinal kendi turbonuzun bozulmu\u015f ya da a\u015f\u0131nm\u0131\u015f olan kurum ba\u011flam\u0131\u015f par\u00e7alar\u0131n\u0131 orijinal olan s\u0131f\u0131r par\u00e7alarla de\u011fi\u015fimi ger\u00e7ekle\u015ftirildi\u011fi i\u00e7in s\u0131f\u0131rdan bir fark\u0131 yoktur.<\/p>","protected":false},"excerpt":{"rendered":"<p>Turbo teknolojisinin kullan\u0131m\u0131 y\u00fcksek performans sa\u011fl\u0131yor. Turbo ar\u0131zalar\u0131n\u0131n %90 oran\u0131nda turbo tamiri tercih edilmektedir. Turbo tamirinde, d\u00fczen tutar, i\u015f g\u00f6r\u00fcr,<\/p>\n","protected":false},"author":1,"featured_media":0,"parent":0,"menu_order":0,"comment_status":"closed","ping_status":"closed","template":"","meta":{"footnotes":""},"class_list":["post-1159","page","type-page","status-publish","hentry"],"_links":{"self":[{"href":"https:\/\/twinnturbo.com.tr\/index.php\/wp-json\/wp\/v2\/pages\/1159","targetHints":{"allow":["GET"]}}],"collection":[{"href":"https:\/\/twinnturbo.com.tr\/index.php\/wp-json\/wp\/v2\/pages"}],"about":[{"href":"https:\/\/twinnturbo.com.tr\/index.php\/wp-json\/wp\/v2\/types\/page"}],"author":[{"embeddable":true,"href":"https:\/\/twinnturbo.com.tr\/index.php\/wp-json\/wp\/v2\/users\/1"}],"replies":[{"embeddable":true,"href":"https:\/\/twinnturbo.com.tr\/index.php\/wp-json\/wp\/v2\/comments?post=1159"}],"version-history":[{"count":1,"href":"https:\/\/twinnturbo.com.tr\/index.php\/wp-json\/wp\/v2\/pages\/1159\/revisions"}],"predecessor-version":[{"id":1160,"href":"https:\/\/twinnturbo.com.tr\/index.php\/wp-json\/wp\/v2\/pages\/1159\/revisions\/1160"}],"wp:attachment":[{"href":"https:\/\/twinnturbo.com.tr\/index.php\/wp-json\/wp\/v2\/media?parent=1159"}],"curies":[{"name":"wp","href":"https:\/\/api.w.org\/{rel}","templated":true}]}}