{"id":1145,"date":"2024-10-11T11:05:49","date_gmt":"2024-10-11T11:05:49","guid":{"rendered":"https:\/\/twinnturbo.com.tr\/?page_id=1145"},"modified":"2024-10-11T11:07:08","modified_gmt":"2024-10-11T11:07:08","slug":"hakkimizda","status":"publish","type":"page","link":"https:\/\/twinnturbo.com.tr\/index.php\/hakkimizda\/","title":{"rendered":"Hakk\u0131m\u0131zda"},"content":{"rendered":"<p>Ankara Twinn Turbo?<br>Ankara Twinn Turbo Firmas\u0131 olarak y\u0131llar\u0131n vermi\u015f oldu\u011fu bilgi ve tecr\u00fcbe ile ara\u00e7lar\u0131n\u0131zda bulunan her t\u00fcrl\u00fc turbo tamiri, servisi bak\u0131m\u0131n\u0131 yapmaktay\u0131z.<\/p><p>\u0130\u015finde uzman olan ekimiz ile turbo performans sorunlar\u0131 gidererek ve turbolar\u0131n\u0131z\u0131n daha uzun s\u00fcreli kullanman\u0131z\u0131 sa\u011flamak i\u00e7in TW\u0130NN TURBO olarak y\u0131llard\u0131r sekt\u00f6rde yerini alm\u0131\u015f ve emin ad\u0131mlarla ilerlemektedir.<\/p><p>Ankara Twinn Turbo olarak hizmletlerimiz;<\/p><ul class=\"wp-block-list\"><li>Ankara Turbo Servisi<\/li>\n\n<li>Ankara Turbo Bak\u0131m\u0131<\/li>\n\n<li>Ankara Turbo Revizyonu<\/li><\/ul>","protected":false},"excerpt":{"rendered":"<p>Ankara Twinn Turbo?Ankara Twinn Turbo Firmas\u0131 olarak y\u0131llar\u0131n vermi\u015f oldu\u011fu bilgi ve tecr\u00fcbe ile ara\u00e7lar\u0131n\u0131zda bulunan her t\u00fcrl\u00fc turbo tamiri,<\/p>\n","protected":false},"author":1,"featured_media":0,"parent":0,"menu_order":0,"comment_status":"closed","ping_status":"closed","template":"","meta":{"footnotes":""},"class_list":["post-1145","page","type-page","status-publish","hentry"],"_links":{"self":[{"href":"https:\/\/twinnturbo.com.tr\/index.php\/wp-json\/wp\/v2\/pages\/1145","targetHints":{"allow":["GET"]}}],"collection":[{"href":"https:\/\/twinnturbo.com.tr\/index.php\/wp-json\/wp\/v2\/pages"}],"about":[{"href":"https:\/\/twinnturbo.com.tr\/index.php\/wp-json\/wp\/v2\/types\/page"}],"author":[{"embeddable":true,"href":"https:\/\/twinnturbo.com.tr\/index.php\/wp-json\/wp\/v2\/users\/1"}],"replies":[{"embeddable":true,"href":"https:\/\/twinnturbo.com.tr\/index.php\/wp-json\/wp\/v2\/comments?post=1145"}],"version-history":[{"count":2,"href":"https:\/\/twinnturbo.com.tr\/index.php\/wp-json\/wp\/v2\/pages\/1145\/revisions"}],"predecessor-version":[{"id":1147,"href":"https:\/\/twinnturbo.com.tr\/index.php\/wp-json\/wp\/v2\/pages\/1145\/revisions\/1147"}],"wp:attachment":[{"href":"https:\/\/twinnturbo.com.tr\/index.php\/wp-json\/wp\/v2\/media?parent=1145"}],"curies":[{"name":"wp","href":"https:\/\/api.w.org\/{rel}","templated":true}]}}